{"id":1861,"date":"2023-05-21T17:22:21","date_gmt":"2023-05-21T17:22:21","guid":{"rendered":"https:\/\/ktexport.com\/politica-de-cookies\/"},"modified":"2023-05-21T17:22:21","modified_gmt":"2023-05-21T17:22:21","slug":"politica-de-cookies","status":"publish","type":"page","link":"https:\/\/ktexport.com\/ca\/politica-de-cookies\/","title":{"rendered":"Pol\u00edtica de cookies"},"content":{"rendered":"<h2 class=\"fusion-responsive-typography-calculated\" data-fontsize=\"21\" data-lineheight=\"31.5px\">Sobre aquesta pol\u00edtica de cookies<\/h2>\n<div>\n<p>Aquesta Pol\u00edtica de galetes explica qu\u00e8 s\u00f3n les galetes i com les fem servir. Heu de llegir aquesta pol\u00edtica per comprendre qu\u00e8 s\u00f3n les galetes, com les utilitzem, els tipus de galetes que utilitzem, \u00e9s a dir, la informaci\u00f3 que recopilem utilitzant galetes i com s&#8217;utilitza aquesta informaci\u00f3 i com controlar les prefer\u00e8ncies de les galetes. Per obtenir m\u00e9s informaci\u00f3 sobre com fem servir, emmagatzemem i mantenim assegurances les vostres dades personals, consulteu la nostra Pol\u00edtica de privadesa.<\/p>\n<p>En qualsevol moment podeu canviar o retirar el vostre consentiment de la Declaraci\u00f3 de cookies al nostre lloc web.<\/p>\n<p>M\u00e9s informaci\u00f3 sobre qui som, com ens pot contactar i com processem les dades personals a la nostra Pol\u00edtica de privadesa.<\/p>\n<p>El seu consentiment s&#8217;aplica als dominis seg\u00fcents: <a href=\"https:\/\/ktexport.com\/\">Ktexport<\/a><\/p>\n<\/div>\n<h3 class=\"fusion-responsive-typography-calculated\" data-fontsize=\"21\" data-lineheight=\"31.5px\">Qu\u00e8 s\u00f3n les galetes?<\/h3>\n<div>\n<p>Les cookies s\u00f3n petits fitxers de text que s&#8217;utilitzen per emmagatzemar petites peces d&#8217;informaci\u00f3. Les galetes s&#8217;emmagatzemen al dispositiu quan el lloc web es carrega al navegador. Aquestes cookies ens ajuden a fer que el lloc web funcioni correctament, fer que el lloc web sigui m\u00e9s segur, proporcionar una millor experi\u00e8ncia dusuari i comprendre com funciona el lloc web i analitzar qu\u00e8 funciona i on necessita millorar.<\/p>\n<\/div>\n<h3 class=\"fusion-responsive-typography-calculated\" data-fontsize=\"21\" data-lineheight=\"31.5px\">Com fem servir les galetes?<\/h3>\n<div>\n<p>Com la majoria dels serveis en l\u00ednia, el nostre lloc web utilitza cookies pr\u00f2pies i de tercers per a una s\u00e8rie de prop\u00f2sits. Les galetes d&#8217;origen s\u00f3n principalment necess\u00e0ries perqu\u00e8 el lloc web funcioni de la manera correcta, i no recopilen cap de les vostres dades d&#8217;identificaci\u00f3 personal.<\/p>\n<p>Les galetes de tercers utilitzades als nostres llocs web s&#8217;utilitzen principalment per comprendre com funciona el lloc web, com interactua amb el nostre lloc web, mantenir els nostres serveis segurs, proporcionar anuncis que siguin rellevants per a vost\u00e8 i, en general, proporcionar una millor i millor experi\u00e8ncia dusuari i ajuda a accelerar les seves futures interaccions amb el nostre lloc web.<\/p>\n<\/div>\n<h3 class=\"fusion-responsive-typography-calculated\" data-fontsize=\"21\" data-lineheight=\"31.5px\">Quins tipus de galetes utilitzem?<\/h3>\n<div>\n<p><strong>Essencial:<\/strong> algunes galetes s\u00f3n essencials perqu\u00e8 pugui experimentar la funcionalitat completa del nostre lloc. Ens permeten mantenir sessions d&#8217;usuari i evitar amenaces de seguretat. No recopilen ni emmagatzemen cap informaci\u00f3 personal. Per exemple, aquestes galetes us permeten iniciar sessi\u00f3 al vostre compte i afegir productes a la vostra cistella i pagar de forma segura.<\/p>\n<p><strong>Estad\u00edstiques:<\/strong> aquestes galetes emmagatzemen informaci\u00f3 com el nombre de visitants del lloc web, el nombre de visitants \u00fanics, quines p\u00e0gines del lloc web han estat visitades, la font de la visita, etc. Aquestes dades ens ajuden a comprendre i analitzar qu\u00e8 tan b\u00e9 funciona el lloc web i on cal millorar.<\/p>\n<p><strong>M\u00e0rqueting<\/strong> : el nostre lloc web mostra anuncis. Aquestes galetes s&#8217;utilitzen per personalitzar els anuncis que us mostrem perqu\u00e8 siguin significatius per a vost\u00e8. Aquestes cookies tamb\u00e9 ens ajuden a fer un seguiment de l&#8217;efic\u00e0cia d&#8217;aquestes campanyes publicit\u00e0ries.<\/p>\n<p>La informaci\u00f3 emmagatzemada en aquestes galetes tamb\u00e9 pot ser utilitzada per prove\u00efdors de publicitat externs per mostrar anuncis en altres llocs web al navegador.<\/p>\n<p><strong>Funcional<\/strong> : Aquestes s\u00f3n les galetes que ajuden a certes funcionalitats no essencials al nostre lloc web. Aquestes funcionalitats inclouen incrustar contingut com a v\u00eddeos o compartir contingut al lloc web en plataformes de xarxes socials.<\/p>\n<p><strong>Prefer\u00e8ncies<\/strong> : aquestes cookies ens ajuden a emmagatzemar la vostra configuraci\u00f3 i prefer\u00e8ncies de navegaci\u00f3, com les prefer\u00e8ncies d&#8217;idioma, perqu\u00e8 tingui una millor i m\u00e9s eficient experi\u00e8ncia en futures visites al lloc web.<\/p>\n<\/div>\n<h3 class=\"fusion-responsive-typography-calculated\" data-fontsize=\"21\" data-lineheight=\"31.5px\">Com puc controlar les prefer\u00e8ncies de galetes?<\/h3>\n<div>\n<p>Si decidiu canviar les vostres prefer\u00e8ncies m\u00e9s endavant a trav\u00e9s de la vostra sessi\u00f3 de navegaci\u00f3, podeu fer clic a la pestanya \u00abPol\u00edtica de privadesa i galetes\u00bb a la pantalla. Aix\u00f2 mostrar\u00e0 l&#8217;av\u00eds de consentiment novament, permetent canviar les prefer\u00e8ncies o retirar el consentiment del tot.<\/p>\n<p>A m\u00e9s d&#8217;aix\u00f2, diferents navegadors proporcionen diferents m\u00e8todes per bloquejar i eliminar les galetes utilitzades pels llocs web. Podeu canviar la configuraci\u00f3 del vostre navegador per bloquejar \/ eliminar les cookies. Per obtenir m\u00e9s informaci\u00f3 sobre com administrar i eliminar galetes, visiteu <a href=\"https:\/\/en.wikipedia.org\/wiki\/HTTP_cookie\" target=\"_blank\" rel=\"nofollow noopener noreferrer\">wikipedia.org<\/a> , <a href=\"http:\/\/www.allaboutcookies.org\/\" target=\"_blank\" rel=\"nofollow noopener noreferrer\">www.allaboutcookies.org.<\/a><\/p>\n<\/div>\n","protected":false},"excerpt":{"rendered":"<p>Sobre aquesta pol\u00edtica de cookies Aquesta Pol\u00edtica de galetes explica [&hellip;]<\/p>\n","protected":false},"author":2,"featured_media":0,"parent":0,"menu_order":0,"comment_status":"closed","ping_status":"closed","template":"","meta":{"footnotes":""},"class_list":["post-1861","page","type-page","status-publish","hentry"],"_links":{"self":[{"href":"https:\/\/ktexport.com\/ca\/wp-json\/wp\/v2\/pages\/1861","targetHints":{"allow":["GET"]}}],"collection":[{"href":"https:\/\/ktexport.com\/ca\/wp-json\/wp\/v2\/pages"}],"about":[{"href":"https:\/\/ktexport.com\/ca\/wp-json\/wp\/v2\/types\/page"}],"author":[{"embeddable":true,"href":"https:\/\/ktexport.com\/ca\/wp-json\/wp\/v2\/users\/2"}],"replies":[{"embeddable":true,"href":"https:\/\/ktexport.com\/ca\/wp-json\/wp\/v2\/comments?post=1861"}],"version-history":[{"count":0,"href":"https:\/\/ktexport.com\/ca\/wp-json\/wp\/v2\/pages\/1861\/revisions"}],"wp:attachment":[{"href":"https:\/\/ktexport.com\/ca\/wp-json\/wp\/v2\/media?parent=1861"}],"curies":[{"name":"wp","href":"https:\/\/api.w.org\/{rel}","templated":true}]}}