{"id":1862,"date":"2023-05-21T17:45:23","date_gmt":"2023-05-21T17:45:23","guid":{"rendered":"https:\/\/ktexport.com\/politica-de-privadesa\/"},"modified":"2023-05-21T17:45:23","modified_gmt":"2023-05-21T17:45:23","slug":"politica-de-privadesa","status":"publish","type":"page","link":"https:\/\/ktexport.com\/ca\/politica-de-privadesa\/","title":{"rendered":"Pol\u00edtica de privadesa"},"content":{"rendered":"<h2>Pol\u00edtica de privadesa<\/h2>\n<p class=\"p1\">L&#8217;objectiu d&#8217;aquesta Pol\u00edtica de privadesa \u00e9s descriure la gesti\u00f3 del lloc web <a href=\"https:\/\/ktexport.com\/\">https:\/\/ktexport.com<\/a> amb refer\u00e8ncia al processament i tractament de les dades personals dels Usuaris que el consulten. Es tracta d&#8217;una informaci\u00f3 que tamb\u00e9 es proporciona de conformitat amb els articles 13 i 14 del Reglament de la UE 2016\/679 (Reglament General de Protecci\u00f3 de Dades) als que accedeixen al lloc esmentat. Els Usuaris estan convidats a llegir aquesta Pol\u00edtica de Privadesa detingudament abans de proporcionar qualsevol tipus d&#8217;informaci\u00f3 personal i\/o completar qualsevol formulari electr\u00f2nic present al lloc.<\/p>\n<h3 class=\"p1\">Titular del tractament<\/h3>\n<p class=\"p1\">El Titular del tractament de dades \u00e9s <strong>Ktexport<\/strong> , amb el seu representant legal, <strong>Erik Noes<\/strong> , amb domicili social a, Cal Sart, Ve\u00efnat disseminat 25, Sant Feliu de Buixalleu, 17451, Girona, amb el CIF X5311824C, correu electr\u00f2nic <a href=\"mailto:info@ktexport.com\"><span class=\"s1\">info@ktexport.com<\/span><\/a><\/p>\n<h3 class=\"p1\">Tipus de dades processades<\/h3>\n<p class=\"p1\">Les dades facilitades i recopilades per aquesta aplicaci\u00f3, de manera aut\u00f2noma oa trav\u00e9s de tercers, s\u00f3n: cookies, dades d&#8217;utilitzaci\u00f3 (per exemple, el nom de domini de l&#8217;ordinador utilitzat per l&#8217;Usuari, el Pa\u00eds d&#8217;origen, les caracter\u00edstiques del browser i del sistema operatiu utilitzat per l&#8217;usuari, les connotacions temporals de la visita, etc.), dades personals i anagr\u00e0fiques, domicili de resid\u00e8ncia o domicili, tel\u00e8fon i adreces de correu electr\u00f2nic de l&#8217;usuari. Les dades personals poden ser facilitades i\/o inserides volunt\u00e0riament per l&#8217;Usuari. La utilitzaci\u00f3 de Cookies, o d&#8217;altres eines de seguiment, per aquesta aplicaci\u00f3 o pels prove\u00efdors de serveis de tercers utilitzats per aquesta aplicaci\u00f3, tret que s&#8217;especifiqui el contrari, t\u00e9 el prop\u00f2sit d&#8217;identificar l&#8217;Usuari i registrar les prefer\u00e8ncies relacionades per a fins relacionats amb la prestaci\u00f3 del servei sol\u00b7licitat per l&#8217;Usuari. Si l&#8217;Usuari no proporciona algunes dades personals podria impedir que aquesta aplicaci\u00f3 us proporcioni els seus serveis.<\/p>\n<h3 class=\"p1\">M\u00e8tode de tractament<\/h3>\n<p class=\"p1\">El tractament de les dades es realitza mitjan\u00e7ant eines inform\u00e0tiques i\/o telem\u00e0tiques, amb modalitats dorganitzaci\u00f3 i amb una l\u00f2gica estrictament relacionada amb els fins indicats, adoptant les oportunes mesures de seguretat per evitar lacc\u00e9s no autoritzat, la divulgaci\u00f3, la modificaci\u00f3 o la destrucci\u00f3 de les dades personals. Les modalitats del tractament seran pertinents i no excediran respecte del tipus de serveis prestats.<\/p>\n<h3 class=\"p1\">Prop\u00f2sit i base legal del tractament<\/h3>\n<p class=\"p1\">Les dades personals es processen i tracten per a les seg\u00fcents finalitats:<\/p>\n<p class=\"p1\">a) permetre al Titular del Tractament de fer ofertes comercials, concloure contractes i prestar els seus serveis;<br \/>\nb) contactar l&#8217;Usuari per tal de contestar sol\u00b7licituds d&#8217;informaci\u00f3, de pressupost o de qualsevol altra naturalesa indicada a l&#8217;encap\u00e7alament del formulari de contacte;<br \/>\nc) desenvolupar estudis, investigacions, investigacions estad\u00edstiques i de mercat, dur a terme activitats de m\u00e0rqueting directes i indirectes i elaboraci\u00f3 de perfils, enviar publicitat i material informatiu, enviar informaci\u00f3 comercial;<br \/>\nd) veure continguts allotjats en plataformes externes i interactuar-hi; en el cas que s&#8217;instal\u00b7la un servei d&#8217;aquest tipus, \u00e9s possible que, fins i tot si els Usuaris no l&#8217;utilitzen, el mateix recopili dades de tr\u00e0nsit relacionades amb les p\u00e0gines on est\u00e0 instal\u00b7lat.<br \/>\ne) utilitzar les dades amb finalitat de selecci\u00f3, avaluaci\u00f3 i cerca del personal per a la seva pr\u00f2pia estructura organitzativa; les dades es faciliten de forma opcional, el consentiment de la part interessada s&#8217;expressa facilitant de forma completament volunt\u00e0ria el CV a la secci\u00f3 dedicada al lloc web.<\/p>\n<p class=\"p1\">Per al processament de dades necess\u00e0ries per a la comercialitzaci\u00f3 directa i indirecta i l&#8217;elaboraci\u00f3 de perfils, cal obtenir el consentiment espec\u00edfic i per separat de la part interessada, a qui se us informa a partir d&#8217;ara que consentiment \u00e9s completament opcional i qualsevol negativa no tindr\u00e0 cap conseq\u00fc\u00e8ncia, excepte per evitar el processament de dades per a les activitats esmentades anteriorment.<\/p>\n<p class=\"p1\">Pel tractament esmentat al punt a), la base jur\u00eddica est\u00e0 representada per l&#8217;execuci\u00f3 dels serveis sol\u00b7licitats, per als esmentats a les lletres b), c) id) la base jur\u00eddica est\u00e0 representada pel consentiment expr\u00e9s de la part interessada, mentre que pel que fa a la lletra (e) \u00e9s l&#8217;execuci\u00f3 de mesures precontractuals adoptades a sol\u00b7licitud del candidat.<\/p>\n<h3 class=\"p1\">Destinataris de dades personals<\/h3>\n<p class=\"p1\">En el marc de les finalitats indicades, les dades personals poden ser tractades, a m\u00e9s que pel titular, per determinades categories de persones encarregades involucrades en lorganitzaci\u00f3 del lloc (personal administratiu, comercial, de m\u00e0rqueting, administradors de sistemes) o subjectes externs ( com a prove\u00efdors de serveis t\u00e8cnics de tercers, missatgers, prove\u00efdors de hosting, societats inform\u00e0tiques, ag\u00e8ncies de comunicaci\u00f3) tamb\u00e9 nomenats, si cal, Responsables del Tractament de Dades per part del Titular.<\/p>\n<h3 class=\"p1\">Per\u00edode de conservaci\u00f3 de dades<\/h3>\n<p class=\"p1\">Les dades personals es conservaran durant el temps estrictament necessari per fer el servei sol\u00b7licitat per l&#8217;Usuari o per aconseguir els prop\u00f2sits espec\u00edfics del tractament com indicat anteriorment i, en qualsevol cas, durant un per\u00edode no superior a 10 anys.<\/p>\n<h3 class=\"p1\">Drets de linteressat<\/h3>\n<p class=\"p1\">L&#8217;Usuari pot, en qualsevol moment, exercir els drets seg\u00fcents:<\/p>\n<p class=\"p1\">a) Accedir a les dades personals, obtenint confirmaci\u00f3 o menys que est\u00e0 en curs un tractament de dades que s&#8217;hi refereixen i, en cas afirmatiu, accedir a les informacions seg\u00fcents: els extrems d&#8217;identificaci\u00f3 del titular del tractament i d&#8217;eventuals responsables del mateix, la finalitat, la modalitat, la categoria de dades, els destinataris, el per\u00edode de conservaci\u00f3, el dret de presentar una queixa davant una autoritat de control, el dret de sol\u00b7licitar una rectificaci\u00f3 o cancel\u00b7laci\u00f3 o limitaci\u00f3 del tractament o oposici\u00f3 a aquest tractament aix\u00ed com l\u201fexist\u00e8ncia d\u201fun proc\u00e9s de presa de decisions automatitzat.<br \/>\nb) Sol\u00b7licitar la rectificaci\u00f3 o eliminaci\u00f3 de les dades o la limitaci\u00f3 del tractament que li concerneix, la transformaci\u00f3 en forma an\u00f2nima o en bloc de les dades tractades en violaci\u00f3 de la llei, fins i tot aquelles que no necessiten ser conservades en relaci\u00f3 amb les finalitats per a els quals han estat recollits i posteriorment tractats.<br \/>\nc) Oposar-se, en tot o en part, al tractament de dades personals que li concerneixen, fins i tot si s\u00f3n pertinents a la finalitat de la recopilaci\u00f3.<br \/>\nd) Sol\u00b7licitar la portabilitat de les dades, amb el dret, en cas d&#8217;un tractament automatitzat realitzat sobre la base del consentiment o en execuci\u00f3 d&#8217;un contracte, a rebre les dades que ho concerneixen en un format estructurat, d&#8217;\u00fas com\u00fa i que es pot llegir mitjan\u00e7ant un dispositiu autom\u00e0tic.<br \/>\ne) Revocar en qualsevol moment el consentiment per al tractament de dades amb finalitat de m\u00e0rqueting, sigui directe que indirecte, estudis de mercat i de perfils; l&#8217;exercici d&#8217;aquest dret no perjudica de cap manera la legalitat del tractament realitzada abans de la revocaci\u00f3.<br \/>\nf) Proposar una reclamaci\u00f3, d&#8217;acord amb l&#8217;art. 77 GDPR, davant l&#8217;autoritat de supervisi\u00f3 competent sobre la base de la resid\u00e8ncia habitual, el lloc de treball o el lloc de violaci\u00f3 dels seus drets; per a Espanya, \u00e9s competent el Garant per a la protecci\u00f3 de dades personals, que es pot contactar a trav\u00e9s de les dades de contacte al lloc web <a href=\"https:\/\/ktexport.com\">ktexport<\/a> .<br \/>\nEls drets esmentats anteriorment es poden exercir enviant una sol\u00b7licitud espec\u00edfica al Titular del Tractament mitjan\u00e7ant els canals de contacte indicats a l&#8217;art. 1 daquesta informaci\u00f3.<\/p>\n<h3 class=\"p1\">Comunicaci\u00f3 de dades i confirmaci\u00f3<\/h3>\n<p class=\"p1\">Amb l&#8217;excepci\u00f3 de les dades d&#8217;utilitzaci\u00f3, la manca d&#8217;aportaci\u00f3 de les quals coincideix amb la manca de navegaci\u00f3 del lloc web, els usuaris s\u00f3n lliures de proporcionar les dades personals i la manca d&#8217;aportaci\u00f3 nom\u00e9s pot comportar la impossibilitat d&#8217;obtenir el servei sol\u00b7licitat.<\/p>\n<h3 class=\"p1\">Actualitzaci\u00f3 i modificaci\u00f3 de la pol\u00edtica de privadesa<\/h3>\n<p class=\"p1\">El Titular del Tractament de dades es reserva el dret de fer canvis a aquesta Pol\u00edtica de Privadesa en qualsevol moment mitjan\u00e7ant publicitat als Usuaris en aquesta p\u00e0gina. Es convida per tant a consultar aquesta p\u00e0gina sovint. En cas que no s&#8217;acceptin els canvis realitzats en aquesta Pol\u00edtica de Privadesa, l&#8217;Usuari ha de deixar d&#8217;usar aquesta aplicaci\u00f3 i pot sol\u00b7licitar al Titular del Tractament de dades que elimini les vostres dades personals. Llevat que s&#8217;especifiqui el contrari, la Pol\u00edtica de Privadesa anterior continuar\u00e0 aplicant-se a les dades personals recopilades fins aquell moment.<\/p>\n","protected":false},"excerpt":{"rendered":"<p>Pol\u00edtica de privadesa L&#8217;objectiu d&#8217;aquesta Pol\u00edtica de privadesa \u00e9s descriure [&hellip;]<\/p>\n","protected":false},"author":2,"featured_media":0,"parent":0,"menu_order":0,"comment_status":"closed","ping_status":"closed","template":"","meta":{"footnotes":""},"class_list":["post-1862","page","type-page","status-publish","hentry"],"_links":{"self":[{"href":"https:\/\/ktexport.com\/ca\/wp-json\/wp\/v2\/pages\/1862","targetHints":{"allow":["GET"]}}],"collection":[{"href":"https:\/\/ktexport.com\/ca\/wp-json\/wp\/v2\/pages"}],"about":[{"href":"https:\/\/ktexport.com\/ca\/wp-json\/wp\/v2\/types\/page"}],"author":[{"embeddable":true,"href":"https:\/\/ktexport.com\/ca\/wp-json\/wp\/v2\/users\/2"}],"replies":[{"embeddable":true,"href":"https:\/\/ktexport.com\/ca\/wp-json\/wp\/v2\/comments?post=1862"}],"version-history":[{"count":0,"href":"https:\/\/ktexport.com\/ca\/wp-json\/wp\/v2\/pages\/1862\/revisions"}],"wp:attachment":[{"href":"https:\/\/ktexport.com\/ca\/wp-json\/wp\/v2\/media?parent=1862"}],"curies":[{"name":"wp","href":"https:\/\/api.w.org\/{rel}","templated":true}]}}