{"id":2002,"date":"2023-05-21T17:22:21","date_gmt":"2023-05-21T17:22:21","guid":{"rendered":"https:\/\/ktexport.com\/cookies-politik\/"},"modified":"2023-05-21T17:22:21","modified_gmt":"2023-05-21T17:22:21","slug":"cookies-politik","status":"publish","type":"page","link":"https:\/\/ktexport.com\/de\/cookies-politik\/","title":{"rendered":"Cookies-Politik"},"content":{"rendered":"<h2 class=\"fusion-responsive-typography-calculated\" data-fontsize=\"21\" data-lineheight=\"31.5px\">\u00dcber diese Cookie-Richtlinie<\/h2>\n<div>\n<p>Diese Cookie-Richtlinie erkl\u00e4rt, was Cookies sind und wie wir sie verwenden. Sie sollten diese Richtlinie lesen, um zu verstehen, was Cookies sind, wie wir sie verwenden, welche Arten von Cookies wir verwenden, d. h. welche Informationen wir mit Hilfe von Cookies sammeln und wie diese Informationen verwendet werden, und wie Sie die Cookie-Einstellungen steuern k\u00f6nnen. Weitere Informationen dar\u00fcber, wie wir Ihre pers\u00f6nlichen Daten verwenden, speichern und sicher aufbewahren, finden Sie in unserer Datenschutzrichtlinie.<\/p>\n<p>Sie k\u00f6nnen Ihre Zustimmung zur Cookie-Erkl\u00e4rung auf unserer Website jederzeit \u00e4ndern oder widerrufen.<\/p>\n<p>In unserer Datenschutzrichtlinie erfahren Sie mehr dar\u00fcber, wer wir sind, wie Sie uns kontaktieren k\u00f6nnen und wie wir personenbezogene Daten verarbeiten.<\/p>\n<p>Ihre Zustimmung gilt f\u00fcr folgende Domains: <a href=\"https:\/\/ktexport.com\/\">Ktexport<\/a><\/p>\n<\/div>\n<h3 class=\"fusion-responsive-typography-calculated\" data-fontsize=\"21\" data-lineheight=\"31.5px\">Was sind Cookies?<\/h3>\n<div>\n<p>Cookies sind kleine Textdateien, die dazu dienen, kleine Informationen zu speichern. Cookies werden auf Ihrem Ger\u00e4t gespeichert, wenn die Website in Ihrem Browser geladen wird. Diese Cookies helfen uns, die Website ordnungsgem\u00e4\u00df zu betreiben, sie sicherer zu machen, die Benutzerfreundlichkeit zu verbessern und zu verstehen, wie die Website funktioniert, und zu analysieren, was funktioniert und wo sie verbessert werden muss.<\/p>\n<\/div>\n<h3 class=\"fusion-responsive-typography-calculated\" data-fontsize=\"21\" data-lineheight=\"31.5px\">Wie verwenden wir Cookies?<\/h3>\n<div>\n<p>Wie die meisten Online-Dienste verwendet auch unsere Website eigene und fremde Cookies f\u00fcr eine Reihe von Zwecken. Cookies von Erstanbietern sind in erster Linie f\u00fcr das ordnungsgem\u00e4\u00dfe Funktionieren der Website erforderlich und erfassen keine personenbezogenen Daten von Ihnen.<\/p>\n<p>Cookies von Drittanbietern, die auf unseren Websites verwendet werden, dienen in erster Linie dazu, zu verstehen, wie die Website funktioniert, wie Sie mit unserer Website interagieren, unsere Dienste sicher zu halten, Ihnen Werbung anzubieten, die f\u00fcr Sie relevant ist, und Ihnen im Allgemeinen eine bessere und erweiterte Benutzererfahrung zu bieten und Ihre zuk\u00fcnftigen Interaktionen mit unserer Website zu beschleunigen.<\/p>\n<\/div>\n<h3 class=\"fusion-responsive-typography-calculated\" data-fontsize=\"21\" data-lineheight=\"31.5px\">Welche Arten von Cookies verwenden wir?<\/h3>\n<div>\n<p><strong>Unerl\u00e4sslich:<\/strong> Einige Cookies sind unerl\u00e4sslich, damit Sie die volle Funktionalit\u00e4t unserer Website nutzen k\u00f6nnen. Sie erm\u00f6glichen es uns, Benutzersitzungen aufrechtzuerhalten und Sicherheitsbedrohungen zu verhindern. Sie sammeln und speichern keine pers\u00f6nlichen Daten. Diese Cookies erm\u00f6glichen es Ihnen zum Beispiel, sich in Ihr Konto einzuloggen, Produkte in Ihren Warenkorb zu legen und sicher zur Kasse zu gehen.<\/p>\n<p><strong>Statistik:<\/strong> Diese Cookies speichern Informationen wie die Anzahl der Besucher der Website, die Anzahl der einzelnen Besucher, die besuchten Seiten der Website, die Quelle des Besuchs usw. Diese Daten helfen uns zu verstehen und zu analysieren, wie gut die Website funktioniert und wo sie verbessert werden muss.<\/p>\n<p><strong>Marketing<\/strong>: Auf unserer Website wird Werbung angezeigt. Diese Cookies werden verwendet, um die Anzeigen, die wir Ihnen zeigen, zu personalisieren, damit sie f\u00fcr Sie sinnvoll sind. Diese Cookies helfen uns auch dabei, die Wirksamkeit dieser Werbekampagnen zu verfolgen.<\/p>\n<p>Die in diesen Cookies gespeicherten Informationen k\u00f6nnen auch von dritten Werbeanbietern verwendet werden, um Ihnen Werbung auf anderen Websites in Ihrem Browser anzuzeigen.<\/p>\n<p><strong>Funktional<\/strong>: Dies sind Cookies, die bestimmte nicht-essentielle Funktionen auf unserer Website unterst\u00fctzen. Zu diesen Funktionen geh\u00f6ren das Einbetten von Inhalten wie Videos oder das Teilen von Inhalten auf der Website auf Social-Media-Plattformen.<\/p>\n<p><strong>Pr\u00e4ferenzen<\/strong>: Diese Cookies helfen uns, Ihre Browser-Einstellungen und Pr\u00e4ferenzen, wie z. B. Spracheinstellungen, zu speichern, damit Sie bei zuk\u00fcnftigen Besuchen der Website eine bessere und effizientere Erfahrung machen.<\/p>\n<\/div>\n<h3 class=\"fusion-responsive-typography-calculated\" data-fontsize=\"21\" data-lineheight=\"31.5px\">Wie kann ich meine Cookie-Einstellungen kontrollieren?<\/h3>\n<div>\n<p>Wenn Sie Ihre Einstellungen sp\u00e4ter \u00e4ndern m\u00f6chten, k\u00f6nnen Sie auf die Registerkarte &#8222;Datenschutz und Cookie-Richtlinie&#8220; auf Ihrem Bildschirm klicken. Dadurch wird der Hinweis auf die Einwilligung erneut angezeigt, so dass Sie Ihre Einstellungen \u00e4ndern oder Ihre Einwilligung vollst\u00e4ndig zur\u00fcckziehen k\u00f6nnen.<\/p>\n<p>Dar\u00fcber hinaus bieten die verschiedenen Browser unterschiedliche Methoden zum Blockieren und L\u00f6schen von Cookies, die von Websites verwendet werden. Sie k\u00f6nnen Ihre Browsereinstellungen \u00e4ndern, um Cookies zu blockieren oder zu l\u00f6schen. Weitere Informationen \u00fcber die Verwaltung und L\u00f6schung von Cookies finden Sie unter <a href=\"https:\/\/en.wikipedia.org\/wiki\/HTTP_cookie\" target=\"_blank\" rel=\"nofollow noopener noreferrer\">wikipedia.org<\/a>, <a href=\"http:\/\/www.allaboutcookies.org\/\" target=\"_blank\" rel=\"nofollow noopener noreferrer\">www.allaboutcookies.org.<\/a><\/p>\n<\/div>\n","protected":false},"excerpt":{"rendered":"<p>\u00dcber diese Cookie-Richtlinie Diese Cookie-Richtlinie erkl\u00e4rt, was Cookies sind und [&hellip;]<\/p>\n","protected":false},"author":2,"featured_media":0,"parent":0,"menu_order":0,"comment_status":"closed","ping_status":"closed","template":"","meta":{"footnotes":""},"class_list":["post-2002","page","type-page","status-publish","hentry"],"_links":{"self":[{"href":"https:\/\/ktexport.com\/de\/wp-json\/wp\/v2\/pages\/2002","targetHints":{"allow":["GET"]}}],"collection":[{"href":"https:\/\/ktexport.com\/de\/wp-json\/wp\/v2\/pages"}],"about":[{"href":"https:\/\/ktexport.com\/de\/wp-json\/wp\/v2\/types\/page"}],"author":[{"embeddable":true,"href":"https:\/\/ktexport.com\/de\/wp-json\/wp\/v2\/users\/2"}],"replies":[{"embeddable":true,"href":"https:\/\/ktexport.com\/de\/wp-json\/wp\/v2\/comments?post=2002"}],"version-history":[{"count":0,"href":"https:\/\/ktexport.com\/de\/wp-json\/wp\/v2\/pages\/2002\/revisions"}],"wp:attachment":[{"href":"https:\/\/ktexport.com\/de\/wp-json\/wp\/v2\/media?parent=2002"}],"curies":[{"name":"wp","href":"https:\/\/api.w.org\/{rel}","templated":true}]}}