{"id":2003,"date":"2023-05-21T17:45:23","date_gmt":"2023-05-21T17:45:23","guid":{"rendered":"https:\/\/ktexport.com\/datenschutzbestimmungen\/"},"modified":"2023-07-16T17:49:25","modified_gmt":"2023-07-16T17:49:25","slug":"datenschutzbestimmungen","status":"publish","type":"page","link":"https:\/\/ktexport.com\/de\/datenschutzbestimmungen\/","title":{"rendered":"Datenschutzrichtlinie"},"content":{"rendered":"<h2>Datenschutzrichtlinie<\/h2>\n<p class=\"p1\">Der Zweck dieser Datenschutzpolitik ist es, die Verwaltung der Website <a href=\"https:\/\/ktexport.com\/\">https:\/\/ktexport.com <\/a>in Bezug auf die Verarbeitung und Behandlung der pers\u00f6nlichen Daten der Nutzer, die sie konsultieren, zu beschreiben. Dies sind Informationen, die auch gem\u00e4\u00df Artikel 13 und 14 der Verordnung (EU) 2016\/679 (Datenschutz-Grundverordnung) denjenigen zur Verf\u00fcgung gestellt werden, die auf die oben genannte Website zugreifen. Die Benutzer werden aufgefordert, diese Datenschutzrichtlinie sorgf\u00e4ltig zu lesen, bevor sie pers\u00f6nliche Daten angeben und\/oder elektronische Formulare auf der Website ausf\u00fcllen.<\/p>\n<h3 class=\"p1\">Verantwortlicher f\u00fcr die Datenverarbeitung<\/h3>\n<p class=\"p1\">Der Inhaber der Datenverarbeitung ist <strong>Ktexport<\/strong>, mit seinem gesetzlichen Vertreter, <strong>Erik Noes<\/strong>, mit Sitz in Cal Sart, Ve\u00efnat disseminat 25, Sant Feliu de Buixalleu, 17451, Girona, CIF X5311824C, E-Mail Adresse <a href=\"mailto:info@ktexport.com\"><span class=\"s1\">info@ktexport.com<\/span><\/a><\/p>\n<h3 class=\"p1\">Arten der verarbeiteten Daten<\/h3>\n<p class=\"p1\">Die von dieser Anwendung autonom oder \u00fcber Dritte bereitgestellten und gesammelten Daten sind: Cookies, Nutzungsdaten (z.B. der Domainname des vom Nutzer verwendeten Computers, das Herkunftsland, die Merkmale des vom Nutzer verwendeten Browsers und Betriebssystems, die zeitlichen Zusammenh\u00e4nge des Besuchs usw.), pers\u00f6nliche und anagraphische Daten, Wohnsitz oder Heimatadresse, Telefon- und E-Mail-Adressen des Nutzers. Personenbezogene Daten k\u00f6nnen vom Nutzer freiwillig bereitgestellt und\/oder eingegeben werden. Die Verwendung von Cookies oder anderen Tracking-Tools durch diese Anwendung oder durch Drittanbieter, die von dieser Anwendung genutzt werden, dient, sofern nicht anders angegeben, der Identifizierung des Nutzers und der Aufzeichnung damit verbundener Pr\u00e4ferenzen f\u00fcr Zwecke, die mit der Bereitstellung des vom Nutzer angeforderten Dienstes zusammenh\u00e4ngen. Die Nichtbereitstellung bestimmter personenbezogener Daten durch den Nutzer kann dazu f\u00fchren, dass diese Anwendung ihre Dienste f\u00fcr den Nutzer nicht bereitstellen kann.<\/p>\n<h3 class=\"p1\">Methode der Behandlung<\/h3>\n<p class=\"p1\">Die Datenverarbeitung erfolgt mit Hilfe von Informatik- und\/oder Telematikinstrumenten, mit organisatorischen Methoden und einer Logik, die sich strikt an den angegebenen Zwecken orientieren, und unter Anwendung geeigneter Sicherheitsma\u00dfnahmen, um den unbefugten Zugang, die Weitergabe, die \u00c4nderung oder die Zerst\u00f6rung der personenbezogenen Daten zu verhindern. Die Modalit\u00e4ten ihrer Verarbeitung m\u00fcssen relevant sein und d\u00fcrfen nicht \u00fcber die Art der erbrachten Dienstleistungen hinausgehen.<\/p>\n<h3 class=\"p1\">Zweck und Rechtsgrundlage der Verarbeitung<\/h3>\n<p class=\"p1\">Personenbezogene Daten werden zu folgenden Zwecken verarbeitet und behandelt:<\/p>\n<p class=\"p1\">a) dem f\u00fcr die Verarbeitung Verantwortlichen zu erm\u00f6glichen, kommerzielle Angebote zu machen, Vertr\u00e4ge abzuschlie\u00dfen und seine Dienstleistungen zu erbringen;<br \/>\nb) den Nutzer zu kontaktieren, um Informationsanfragen, Angebote oder andere Anfragen zu beantworten, die im oberen Teil des Kontaktformulars angegeben sind;<br \/>\n(c) Durchf\u00fchrung von Studien, Forschungsarbeiten, statistischen Untersuchungen und Marktforschungen, direkte und indirekte Marketing- und Profiling-Aktivit\u00e4ten, Zusendung von Werbe- und Informationsmaterial, Zusendung von Gesch\u00e4ftsinformationen;<br \/>\nd) Inhalte, die auf externen Plattformen gehostet werden, anzusehen und mit ihnen zu interagieren; falls ein solcher Dienst installiert ist, ist es m\u00f6glich, dass er, auch wenn die Nutzer ihn nicht nutzen, Verkehrsdaten im Zusammenhang mit den Seiten, auf denen er installiert ist, erfasst.<br \/>\ne) die Daten zum Zwecke der Personalauswahl, -bewertung und -forschung f\u00fcr die eigene Organisationsstruktur zu verwenden; die Daten werden auf freiwilliger Basis zur Verf\u00fcgung gestellt, die Zustimmung des Interessenten wird durch die Angabe des Lebenslaufs in dem daf\u00fcr vorgesehenen Bereich der Website auf v\u00f6llig freiwilliger Basis ausgedr\u00fcckt.<\/p>\n<p class=\"p1\">F\u00fcr die Verarbeitung von Daten, die f\u00fcr die direkte und indirekte Vermarktung und das Profiling erforderlich sind, ist die ausdr\u00fcckliche und gesonderte Zustimmung der betroffenen Person einzuholen, die hiermit dar\u00fcber informiert wird, dass die Zustimmung v\u00f6llig fakultativ ist und eine eventuelle Verweigerung keine Folgen hat, au\u00dfer der, die Verarbeitung von Daten f\u00fcr die oben genannten T\u00e4tigkeiten zu verhindern.<\/p>\n<p class=\"p1\">F\u00fcr die Behandlung gem\u00e4\u00df Punkt (a) Die Rechtsgrundlage f\u00fcr die unter den Buchstaben a), b), c), d), e), f), g) und h) genannten F\u00e4lle ist die Erbringung der angeforderten Dienstleistungen. b), (c) und d) ist die Rechtsgrundlage die ausdr\u00fcckliche Zustimmung der betroffenen Partei, w\u00e4hrend es sich bei e) um die Durchf\u00fchrung vorvertraglicher Ma\u00dfnahmen handelt, die auf Antrag des Antragstellers getroffen wurden.<\/p>\n<h3 class=\"p1\">Empf\u00e4nger von personenbezogenen Daten<\/h3>\n<p class=\"p1\">Im Rahmen der oben genannten Zwecke k\u00f6nnen personenbezogene Daten neben dem f\u00fcr die Verarbeitung Verantwortlichen auch von bestimmten Kategorien von Personen verarbeitet werden, die an der Organisation der Website beteiligt sind (Verwaltungs-, Handels- und Marketingpersonal, Systemadministratoren), oder von externen Personen (z. B. dritte technische Dienstleister, Kuriere, Hosting-Provider, IT-Unternehmen, Kommunikationsagenturen), die gegebenenfalls ebenfalls vom f\u00fcr die Verarbeitung Verantwortlichen zu Verantwortlichen ernannt werden.<\/p>\n<h3 class=\"p1\">Dauer der Datenspeicherung<\/h3>\n<p class=\"p1\">Die personenbezogenen Daten werden so lange aufbewahrt, wie es unbedingt erforderlich ist, um die vom Nutzer angeforderte Dienstleistung zu erbringen oder um die oben genannten spezifischen Zwecke der Verarbeitung zu erreichen, und in jedem Fall f\u00fcr einen Zeitraum von h\u00f6chstens 10 Jahren.<\/p>\n<h3 class=\"p1\">Rechte der betroffenen Person<\/h3>\n<p class=\"p1\">Der Nutzer kann jederzeit die folgenden Rechte aus\u00fcben:<\/p>\n<p class=\"p1\">a) Zugang zu den personenbezogenen Daten, Erhalt einer Best\u00e4tigung oder weniger, dass sie betreffende Daten verarbeitet werden, und, falls dies der Fall ist, Zugang zu folgenden Informationen: Angaben zur Identit\u00e4t des f\u00fcr die Datenverarbeitung Verantwortlichen und etwaiger Auftragsverarbeiter, Zweck, Methode, Datenkategorie, Empf\u00e4nger, Aufbewahrungsdauer, Recht auf Beschwerde bei einer Aufsichtsbeh\u00f6rde, Recht auf Berichtigung oder L\u00f6schung oder Einschr\u00e4nkung der Verarbeitung oder auf Widerspruch gegen die Verarbeitung und Vorliegen eines automatisierten Entscheidungsprozesses.<br \/>\nb) die Berichtigung oder L\u00f6schung der Daten oder die Einschr\u00e4nkung der Verarbeitung der ihn betreffenden Daten, die Umwandlung in anonyme Form oder en bloc der unter Verletzung des Gesetzes verarbeiteten Daten zu verlangen, einschlie\u00dflich der Daten, deren Aufbewahrung in Bezug auf die Zwecke, f\u00fcr die sie erhoben und anschlie\u00dfend verarbeitet wurden, nicht erforderlich ist.<br \/>\n(c) der Verarbeitung sie betreffender personenbezogener Daten ganz oder teilweise zu widersprechen, auch wenn dies f\u00fcr den Zweck der Datenerhebung relevant ist.<br \/>\nd) die \u00dcbertragbarkeit der Daten zu verlangen, wobei er im Falle einer automatisierten Verarbeitung, die aufgrund einer Einwilligung oder in Erf\u00fcllung eines Vertrags erfolgt, das Recht hat, die ihn betreffenden Daten in einem strukturierten, g\u00e4ngigen und maschinenlesbaren Format zu erhalten.<br \/>\ne) die Einwilligung in die Verarbeitung von Daten f\u00fcr direkte oder indirekte Marketingzwecke, Marktforschung und Profiling jederzeit zu widerrufen; die Aus\u00fcbung dieses Rechts ber\u00fchrt in keiner Weise die Rechtm\u00e4\u00dfigkeit der vor dem Widerruf erfolgten Verarbeitung.<br \/>\nf) eine Beschwerde gem\u00e4\u00df Art. 77 DSGVO bei der zust\u00e4ndigen Aufsichtsbeh\u00f6rde Ihres gew\u00f6hnlichen Wohnsitzes, Ihres Arbeitsplatzes oder des Ortes der Verletzung Ihrer Rechte einzureichen; f\u00fcr Spanien ist die zust\u00e4ndige Beh\u00f6rde die Garante para la protecci\u00f3n de datos personales, die \u00fcber die Kontaktdaten auf der Website kontaktiert werden kann <a href=\"https:\/\/ktexport.com\">ktexport<\/a>.<br \/>\nDie oben genannten Rechte k\u00f6nnen ausge\u00fcbt werden, indem eine spezifische Anfrage an den Inhaber der Datenverarbeitung \u00fcber die in Art. 1 dieser Informationen angegebenen Kontaktkan\u00e4le gesendet wird.<\/p>\n<h3 class=\"p1\">Mitteilung von Daten und Best\u00e4tigung<\/h3>\n<p class=\"p1\">Mit Ausnahme der Nutzungsdaten, deren Nichtbereitstellung mit der Nichtverf\u00fcgbarkeit der Website einhergeht, steht es den Nutzern frei, ihre personenbezogenen Daten bereitzustellen, und ihre Nichtbereitstellung kann lediglich dazu f\u00fchren, dass die angeforderte Dienstleistung nicht in Anspruch genommen werden kann.<\/p>\n<h3 class=\"p1\">Aktualisierung und \u00c4nderung der Datenschutzrichtlinie<\/h3>\n<p class=\"p1\">Der f\u00fcr die Verarbeitung Verantwortliche beh\u00e4lt sich das Recht vor, diese Datenschutzrichtlinie jederzeit zu \u00e4ndern, indem er die Nutzer auf dieser Seite darauf hinweist. Wir laden Sie daher ein, diese Seite h\u00e4ufig zu besuchen. Falls der Nutzer die \u00c4nderungen an dieser Datenschutzerkl\u00e4rung nicht akzeptiert, muss er die Nutzung dieser Anwendung einstellen und kann den f\u00fcr die Verarbeitung Verantwortlichen auffordern, seine personenbezogenen Daten zu l\u00f6schen. Sofern nicht anders angegeben, gilt die oben genannte Datenschutzrichtlinie weiterhin f\u00fcr die bis dahin erhobenen personenbezogenen Daten.<\/p>\n","protected":false},"excerpt":{"rendered":"<p>Datenschutzrichtlinie Der Zweck dieser Datenschutzpolitik ist es, die Verwaltung der [&hellip;]<\/p>\n","protected":false},"author":2,"featured_media":0,"parent":0,"menu_order":0,"comment_status":"closed","ping_status":"closed","template":"","meta":{"footnotes":""},"class_list":["post-2003","page","type-page","status-publish","hentry"],"_links":{"self":[{"href":"https:\/\/ktexport.com\/de\/wp-json\/wp\/v2\/pages\/2003","targetHints":{"allow":["GET"]}}],"collection":[{"href":"https:\/\/ktexport.com\/de\/wp-json\/wp\/v2\/pages"}],"about":[{"href":"https:\/\/ktexport.com\/de\/wp-json\/wp\/v2\/types\/page"}],"author":[{"embeddable":true,"href":"https:\/\/ktexport.com\/de\/wp-json\/wp\/v2\/users\/2"}],"replies":[{"embeddable":true,"href":"https:\/\/ktexport.com\/de\/wp-json\/wp\/v2\/comments?post=2003"}],"version-history":[{"count":1,"href":"https:\/\/ktexport.com\/de\/wp-json\/wp\/v2\/pages\/2003\/revisions"}],"predecessor-version":[{"id":2013,"href":"https:\/\/ktexport.com\/de\/wp-json\/wp\/v2\/pages\/2003\/revisions\/2013"}],"wp:attachment":[{"href":"https:\/\/ktexport.com\/de\/wp-json\/wp\/v2\/media?parent=2003"}],"curies":[{"name":"wp","href":"https:\/\/api.w.org\/{rel}","templated":true}]}}