{"id":1570,"date":"2023-05-21T17:45:23","date_gmt":"2023-05-21T17:45:23","guid":{"rendered":"https:\/\/ktexport.com\/politique-de-confidentialite\/"},"modified":"2023-07-10T17:42:38","modified_gmt":"2023-07-10T17:42:38","slug":"politique-de-confidentialite","status":"publish","type":"page","link":"https:\/\/ktexport.com\/fr\/politique-de-confidentialite\/","title":{"rendered":"Politique de confidentialit\u00e9"},"content":{"rendered":"<h2>Politique de confidentialit\u00e9<\/h2>\n<p class=\"p1\">La pr\u00e9sente politique de confidentialit\u00e9 a pour objet de d\u00e9crire la gestion du site <a href=\"https:\/\/ktexport.com\/fr\/\">https:\/\/ktexport.com <\/a>en ce qui concerne le traitement des donn\u00e9es personnelles des utilisateurs qui le consultent. Il s&rsquo;agit d&rsquo;informations qui sont \u00e9galement fournies conform\u00e9ment aux articles 13 et 14 du r\u00e8glement (UE) 2016\/679 (r\u00e8glement g\u00e9n\u00e9ral sur la protection des donn\u00e9es) aux personnes qui acc\u00e8dent au site susmentionn\u00e9. Les utilisateurs sont invit\u00e9s \u00e0 lire attentivement la pr\u00e9sente politique de protection de la vie priv\u00e9e avant de fournir des informations personnelles et\/ou de remplir des formulaires \u00e9lectroniques sur le site.<\/p>\n<h3 class=\"p1\">Responsable du traitement des donn\u00e9es<\/h3>\n<p class=\"p1\">Le responsable du traitement des donn\u00e9es est <strong>Ktexport<\/strong>, avec son repr\u00e9sentant l\u00e9gal, <strong>Erik Noes<\/strong>, dont le si\u00e8ge social est situ\u00e9 \u00e0 Cal Sart, Ve\u00efnat disseminat 25, Sant Feliu de Buixalleu, 17451, Girona, CIF X5311824C, adresse \u00e9lectronique <a href=\"mailto:info@ktexport.com\"><br \/>\n  <span class=\"s1\">info@ktexport.com<\/span><br \/>\n<\/a><\/p>\n<h3 class=\"p1\">Types de donn\u00e9es trait\u00e9es<\/h3>\n<p class=\"p1\">Les donn\u00e9es fournies et collect\u00e9es par cette application, de mani\u00e8re autonome ou par l&rsquo;interm\u00e9diaire de tiers, sont : les cookies, les donn\u00e9es d&rsquo;utilisation (par exemple le nom de domaine de l&rsquo;ordinateur utilis\u00e9 par l&rsquo;Utilisateur, le pays d&rsquo;origine, les caract\u00e9ristiques du navigateur et du syst\u00e8me d&rsquo;exploitation utilis\u00e9s par l&rsquo;Utilisateur, les connotations temporelles de la visite, etc.), les donn\u00e9es personnelles et anagraphiques, l&rsquo;adresse de r\u00e9sidence ou de domicile, les adresses de t\u00e9l\u00e9phone et de courrier \u00e9lectronique de l&rsquo;Utilisateur. Les donn\u00e9es personnelles peuvent \u00eatre fournies et\/ou ins\u00e9r\u00e9es volontairement par l&rsquo;utilisateur. L&rsquo;utilisation de cookies ou d&rsquo;autres outils de suivi par cette application ou par des fournisseurs de services tiers utilis\u00e9s par cette application, sauf indication contraire, a pour but d&rsquo;identifier l&rsquo;utilisateur et d&rsquo;enregistrer ses pr\u00e9f\u00e9rences \u00e0 des fins li\u00e9es \u00e0 la fourniture du service demand\u00e9 par l&rsquo;utilisateur. Le fait que l&rsquo;utilisateur ne fournisse pas certaines donn\u00e9es personnelles peut emp\u00eacher cette application de fournir ses services \u00e0 l&rsquo;utilisateur.<\/p>\n<h3 class=\"p1\">M\u00e9thode de traitement<\/h3>\n<p class=\"p1\">Le traitement des donn\u00e9es est effectu\u00e9 au moyen d&rsquo;outils informatiques et\/ou t\u00e9l\u00e9matiques, avec des m\u00e9thodes d&rsquo;organisation et une logique strictement li\u00e9es aux finalit\u00e9s indiqu\u00e9es, en adoptant des mesures de s\u00e9curit\u00e9 appropri\u00e9es pour emp\u00eacher l&rsquo;acc\u00e8s non autoris\u00e9, la divulgation, la modification ou la destruction des donn\u00e9es personnelles. Les modalit\u00e9s de leur traitement sont pertinentes et n&rsquo;exc\u00e8dent pas le type de services fournis.<\/p>\n<h3 class=\"p1\">Objectif et base juridique du traitement<\/h3>\n<p class=\"p1\">Les donn\u00e9es \u00e0 caract\u00e8re personnel sont trait\u00e9es aux fins suivantes :<\/p>\n<p class=\"p1\">a) permettre au responsable du traitement de faire des offres commerciales, de conclure des contrats et de fournir ses services ;<br \/>\nb) contacter l&rsquo;utilisateur pour r\u00e9pondre \u00e0 des demandes d&rsquo;information, de devis ou de toute autre nature indiqu\u00e9e en haut du formulaire de contact ;<br \/>\n(c) la r\u00e9alisation d&rsquo;\u00e9tudes, de recherches, d&rsquo;analyses statistiques et d&rsquo;\u00e9tudes de march\u00e9, d&rsquo;activit\u00e9s de marketing direct et indirect et de profilage, l&rsquo;envoi de mat\u00e9riel publicitaire et d&rsquo;information, l&rsquo;envoi d&rsquo;informations commerciales ;<br \/>\nd) consulter et interagir avec des contenus h\u00e9berg\u00e9s sur des plateformes externes ; dans le cas o\u00f9 un tel service est install\u00e9, il est possible que, m\u00eame si les utilisateurs ne l&rsquo;utilisent pas, il recueille des donn\u00e9es de trafic relatives aux pages sur lesquelles il est install\u00e9.<br \/>\ne) utiliser les donn\u00e9es \u00e0 des fins de s\u00e9lection, d&rsquo;\u00e9valuation et de recherche de personnel pour sa propre structure organisationnelle ; les donn\u00e9es sont fournies \u00e0 titre facultatif, le consentement de l&rsquo;int\u00e9ress\u00e9 \u00e9tant exprim\u00e9 par la fourniture du CV dans la section pr\u00e9vue \u00e0 cet effet sur le site web, sur une base totalement volontaire.<\/p>\n<p class=\"p1\">Pour le traitement des donn\u00e9es n\u00e9cessaires au marketing direct et indirect et au profilage, il est n\u00e9cessaire d&rsquo;obtenir le consentement sp\u00e9cifique et distinct de la personne concern\u00e9e, qui est inform\u00e9e par la pr\u00e9sente que le consentement est totalement facultatif et que tout refus n&rsquo;aura aucune cons\u00e9quence, sauf celle d&#8217;emp\u00eacher le traitement des donn\u00e9es pour les activit\u00e9s susmentionn\u00e9es.<\/p>\n<p class=\"p1\">Pour le traitement vis\u00e9 au point (a) la base juridique est repr\u00e9sent\u00e9e par l&rsquo;ex\u00e9cution des services demand\u00e9s, pour ceux vis\u00e9s aux points a), b), c), d), e), f), g) et h). b), (En ce qui concerne les points c) et d), la base juridique est repr\u00e9sent\u00e9e par le consentement expr\u00e8s de la partie concern\u00e9e, tandis qu&rsquo;en ce qui concerne le point e), il s&rsquo;agit de l&rsquo;ex\u00e9cution de mesures pr\u00e9contractuelles prises \u00e0 la demande du demandeur.<\/p>\n<h3 class=\"p1\">Destinataires des donn\u00e9es \u00e0 caract\u00e8re personnel<\/h3>\n<p class=\"p1\">Dans le cadre des finalit\u00e9s indiqu\u00e9es ci-dessus, les donn\u00e9es personnelles peuvent \u00eatre trait\u00e9es, outre par le Responsable du traitement, par certaines cat\u00e9gories de personnes impliqu\u00e9es dans l&rsquo;organisation du site (personnel administratif, commercial, marketing, administrateurs du syst\u00e8me) ou par des sujets externes (tels que des prestataires de services techniques tiers, des coursiers, des h\u00e9bergeurs, des soci\u00e9t\u00e9s informatiques, des agences de communication) \u00e9galement d\u00e9sign\u00e9s, le cas \u00e9ch\u00e9ant, Responsables du traitement par le Responsable du traitement.<\/p>\n<h3 class=\"p1\">P\u00e9riode de conservation des donn\u00e9es<\/h3>\n<p class=\"p1\">Les donn\u00e9es personnelles seront conserv\u00e9es pendant le temps strictement n\u00e9cessaire \u00e0 l&rsquo;ex\u00e9cution du service demand\u00e9 par l&rsquo;utilisateur ou \u00e0 la r\u00e9alisation des finalit\u00e9s sp\u00e9cifiques du traitement indiqu\u00e9es ci-dessus et, en tout \u00e9tat de cause, pendant une p\u00e9riode n&rsquo;exc\u00e9dant pas 10 ans.<\/p>\n<h3 class=\"p1\">Droits de la personne concern\u00e9e<\/h3>\n<p class=\"p1\">L&rsquo;utilisateur peut, \u00e0 tout moment, exercer les droits suivants :<\/p>\n<p class=\"p1\">a) L&rsquo;acc\u00e8s aux donn\u00e9es \u00e0 caract\u00e8re personnel, en obtenant la confirmation ou moins que le traitement des donn\u00e9es le concernant est en cours et, le cas \u00e9ch\u00e9ant, l&rsquo;acc\u00e8s aux informations suivantes : les donn\u00e9es d&rsquo;identification du responsable du traitement et de tout sous-traitant, la finalit\u00e9, la m\u00e9thode, la cat\u00e9gorie de donn\u00e9es, les destinataires, la p\u00e9riode de conservation, le droit d&rsquo;introduire une r\u00e9clamation aupr\u00e8s d&rsquo;une autorit\u00e9 de contr\u00f4le, le droit de demander la rectification ou l&rsquo;effacement ou la limitation du traitement ou de s&rsquo;opposer au traitement, et l&rsquo;existence d&rsquo;un processus de prise de d\u00e9cision automatis\u00e9.<br \/>\nb) demander la rectification ou l&rsquo;effacement des donn\u00e9es ou la limitation du traitement les concernant, la transformation sous forme anonyme ou en bloc des donn\u00e9es trait\u00e9es en violation de la loi, y compris les donn\u00e9es dont la conservation n&rsquo;est pas n\u00e9cessaire au regard des finalit\u00e9s pour lesquelles elles ont \u00e9t\u00e9 collect\u00e9es et trait\u00e9es ult\u00e9rieurement.<br \/>\n(c) s&rsquo;opposer, en tout ou en partie, au traitement des donn\u00e9es \u00e0 caract\u00e8re personnel le concernant, y compris lorsque cela est pertinent au regard de la finalit\u00e9 de leur collecte.<br \/>\nd) demander la portabilit\u00e9 des donn\u00e9es, avec le droit, en cas de traitement automatis\u00e9 effectu\u00e9 sur la base du consentement ou en ex\u00e9cution d&rsquo;un contrat, de recevoir les donn\u00e9es le concernant dans un format structur\u00e9, couramment utilis\u00e9 et lisible par machine.<br \/>\ne) de r\u00e9voquer \u00e0 tout moment le consentement au traitement des donn\u00e9es \u00e0 des fins de marketing, direct ou indirect, d&rsquo;\u00e9tude de march\u00e9 et de profilage ; l&rsquo;exercice de ce droit ne pr\u00e9juge en rien de la l\u00e9galit\u00e9 du traitement effectu\u00e9 avant la r\u00e9vocation.<br \/>\nf) d\u00e9poser une plainte, conform\u00e9ment \u00e0 l&rsquo;article 77 du RGPD, aupr\u00e8s de l&rsquo;autorit\u00e9 de contr\u00f4le comp\u00e9tente sur la base de votre r\u00e9sidence habituelle, de votre lieu de travail ou du lieu de violation de vos droits ; pour l&rsquo;Espagne, l&rsquo;autorit\u00e9 comp\u00e9tente est le Garante para la protecci\u00f3n de datos personales, qui peut \u00eatre contact\u00e9 par le biais des coordonn\u00e9es figurant sur le site web  <a href=\"https:\/\/ktexport.com\/fr\/\">ktexport<\/a>.<br \/>\nLes droits susmentionn\u00e9s peuvent \u00eatre exerc\u00e9s en envoyant une demande sp\u00e9cifique au contr\u00f4leur des donn\u00e9es par l&rsquo;interm\u00e9diaire des canaux de contact indiqu\u00e9s \u00e0 l&rsquo;article 1 de cette information.<\/p>\n<h3 class=\"p1\">Communication des donn\u00e9es et confirmation<\/h3>\n<p class=\"p1\">\u00c0 l&rsquo;exception des donn\u00e9es d&rsquo;utilisation, dont l&rsquo;absence co\u00efncide avec l&rsquo;impossibilit\u00e9 de naviguer sur le site, les utilisateurs sont libres de fournir leurs donn\u00e9es personnelles et leur absence ne peut qu&rsquo;entra\u00eener l&rsquo;impossibilit\u00e9 d&rsquo;obtenir le service demand\u00e9.<\/p>\n<h3 class=\"p1\">Mise \u00e0 jour et modification de la politique de confidentialit\u00e9<\/h3>\n<p class=\"p1\">Le contr\u00f4leur des donn\u00e9es se r\u00e9serve le droit d&rsquo;apporter des modifications \u00e0 la pr\u00e9sente politique de confidentialit\u00e9 \u00e0 tout moment en en informant les utilisateurs sur cette page. Vous \u00eates donc invit\u00e9 \u00e0 consulter r\u00e9guli\u00e8rement cette page. En cas de non-acceptation des modifications apport\u00e9es \u00e0 la pr\u00e9sente politique de confidentialit\u00e9, l&rsquo;utilisateur doit cesser d&rsquo;utiliser cette application et peut demander au responsable du traitement de supprimer ses donn\u00e9es personnelles. Sauf indication contraire, la politique de confidentialit\u00e9 susmentionn\u00e9e continuera \u00e0 s&rsquo;appliquer aux donn\u00e9es \u00e0 caract\u00e8re personnel collect\u00e9es jusqu&rsquo;\u00e0 ce moment-l\u00e0.<\/p>\n","protected":false},"excerpt":{"rendered":"<p>Politique de confidentialit\u00e9 La pr\u00e9sente politique de confidentialit\u00e9 a pour [&hellip;]<\/p>\n","protected":false},"author":2,"featured_media":0,"parent":0,"menu_order":0,"comment_status":"closed","ping_status":"closed","template":"","meta":{"footnotes":""},"class_list":["post-1570","page","type-page","status-publish","hentry"],"_links":{"self":[{"href":"https:\/\/ktexport.com\/fr\/wp-json\/wp\/v2\/pages\/1570","targetHints":{"allow":["GET"]}}],"collection":[{"href":"https:\/\/ktexport.com\/fr\/wp-json\/wp\/v2\/pages"}],"about":[{"href":"https:\/\/ktexport.com\/fr\/wp-json\/wp\/v2\/types\/page"}],"author":[{"embeddable":true,"href":"https:\/\/ktexport.com\/fr\/wp-json\/wp\/v2\/users\/2"}],"replies":[{"embeddable":true,"href":"https:\/\/ktexport.com\/fr\/wp-json\/wp\/v2\/comments?post=1570"}],"version-history":[{"count":1,"href":"https:\/\/ktexport.com\/fr\/wp-json\/wp\/v2\/pages\/1570\/revisions"}],"predecessor-version":[{"id":1571,"href":"https:\/\/ktexport.com\/fr\/wp-json\/wp\/v2\/pages\/1570\/revisions\/1571"}],"wp:attachment":[{"href":"https:\/\/ktexport.com\/fr\/wp-json\/wp\/v2\/media?parent=1570"}],"curies":[{"name":"wp","href":"https:\/\/api.w.org\/{rel}","templated":true}]}}